{"id":15,"date":"2022-11-21T16:36:52","date_gmt":"2022-11-21T19:36:52","guid":{"rendered":"https:\/\/ofctelecom.com.br\/catalogo\/?page_id=15"},"modified":"2024-11-02T13:32:35","modified_gmt":"2024-11-02T16:32:35","slug":"carrinho","status":"publish","type":"page","link":"https:\/\/ofctelecom.com.br\/catalogo\/carrinho\/","title":{"rendered":"Carrinho"},"content":{"rendered":"\t\t<div data-elementor-type=\"wp-page\" data-elementor-id=\"15\" class=\"elementor elementor-15\" data-elementor-post-type=\"page\">\n\t\t\t\t<div class=\"elementor-element elementor-element-2112c56 e-flex e-con-boxed e-con e-parent\" data-id=\"2112c56\" data-element_type=\"container\" data-settings=\"{&quot;background_background&quot;:&quot;classic&quot;}\">\n\t\t\t\t\t<div class=\"e-con-inner\">\n\t\t<div class=\"elementor-element elementor-element-4c14544 e-con-full e-flex e-con e-child\" data-id=\"4c14544\" data-element_type=\"container\" data-settings=\"{&quot;background_background&quot;:&quot;classic&quot;}\">\n\t\t\t\t<div class=\"elementor-element elementor-element-5b1fbb1 elementor-widget elementor-widget-heading\" data-id=\"5b1fbb1\" data-element_type=\"widget\" data-widget_type=\"heading.default\">\n\t\t\t\t<div class=\"elementor-widget-container\">\n\t\t\t<style>\/*! elementor - v3.21.0 - 08-05-2024 *\/\n.elementor-heading-title{padding:0;margin:0;line-height:1}.elementor-widget-heading .elementor-heading-title[class*=elementor-size-]>a{color:inherit;font-size:inherit;line-height:inherit}.elementor-widget-heading .elementor-heading-title.elementor-size-small{font-size:15px}.elementor-widget-heading .elementor-heading-title.elementor-size-medium{font-size:19px}.elementor-widget-heading .elementor-heading-title.elementor-size-large{font-size:29px}.elementor-widget-heading .elementor-heading-title.elementor-size-xl{font-size:39px}.elementor-widget-heading .elementor-heading-title.elementor-size-xxl{font-size:59px}<\/style><h2 class=\"elementor-heading-title elementor-size-default\">Carrinho<\/h2>\t\t<\/div>\n\t\t\t\t<\/div>\n\t\t\t\t<div class=\"elementor-element elementor-element-ae4c767 elementor-widget elementor-widget-jet-listing-grid\" data-id=\"ae4c767\" data-element_type=\"widget\" data-settings=\"{&quot;columns&quot;:&quot;1&quot;}\" data-widget_type=\"jet-listing-grid.default\">\n\t\t\t\t<div class=\"elementor-widget-container\">\n\t\t\t<div class=\"jet-listing-grid jet-listing\"><div class=\"jet-listing-not-found jet-listing-grid__items\" data-nav=\"{&quot;enabled&quot;:false,&quot;type&quot;:null,&quot;more_el&quot;:null,&quot;query&quot;:{&quot;post_status&quot;:[&quot;publish&quot;],&quot;post_type&quot;:&quot;produtos&quot;,&quot;posts_per_page&quot;:&quot;6&quot;,&quot;paged&quot;:&quot;1&quot;,&quot;ignore_sticky_posts&quot;:&quot;1&quot;,&quot;suppress_filters&quot;:false,&quot;jet_smart_filters&quot;:&quot;jet-engine\\\/default&quot;,&quot;post__in&quot;:[&quot;is-front&quot;,&quot;local-storage&quot;,&quot;carrinho&quot;]},&quot;widget_settings&quot;:{&quot;lisitng_id&quot;:115,&quot;posts_num&quot;:6,&quot;columns&quot;:1,&quot;columns_tablet&quot;:1,&quot;columns_mobile&quot;:1,&quot;is_archive_template&quot;:&quot;&quot;,&quot;post_status&quot;:[&quot;publish&quot;],&quot;use_random_posts_num&quot;:&quot;&quot;,&quot;max_posts_num&quot;:9,&quot;not_found_message&quot;:&quot;Sem produtos no carrinho&quot;,&quot;is_masonry&quot;:false,&quot;equal_columns_height&quot;:&quot;&quot;,&quot;use_load_more&quot;:&quot;&quot;,&quot;load_more_id&quot;:&quot;&quot;,&quot;load_more_type&quot;:&quot;click&quot;,&quot;load_more_offset&quot;:{&quot;unit&quot;:&quot;px&quot;,&quot;size&quot;:0,&quot;sizes&quot;:[]},&quot;use_custom_post_types&quot;:&quot;&quot;,&quot;custom_post_types&quot;:[],&quot;hide_widget_if&quot;:&quot;&quot;,&quot;carousel_enabled&quot;:&quot;&quot;,&quot;slides_to_scroll&quot;:&quot;1&quot;,&quot;arrows&quot;:&quot;true&quot;,&quot;arrow_icon&quot;:&quot;fa fa-angle-left&quot;,&quot;dots&quot;:&quot;&quot;,&quot;autoplay&quot;:&quot;true&quot;,&quot;pause_on_hover&quot;:&quot;true&quot;,&quot;autoplay_speed&quot;:5000,&quot;infinite&quot;:&quot;true&quot;,&quot;center_mode&quot;:&quot;&quot;,&quot;effect&quot;:&quot;slide&quot;,&quot;speed&quot;:500,&quot;inject_alternative_items&quot;:&quot;&quot;,&quot;injection_items&quot;:[],&quot;scroll_slider_enabled&quot;:&quot;&quot;,&quot;scroll_slider_on&quot;:[&quot;desktop&quot;,&quot;tablet&quot;,&quot;mobile&quot;],&quot;custom_query&quot;:false,&quot;custom_query_id&quot;:&quot;&quot;,&quot;_element_id&quot;:&quot;&quot;}}\" data-queried-id=\"15|WP_Post\">Sem produtos no carrinho<\/div><\/div>\t\t<\/div>\n\t\t\t\t<\/div>\n\t\t\t\t<\/div>\n\t\t<div class=\"elementor-element elementor-element-7985c62 e-con-full e-flex e-con e-child\" data-id=\"7985c62\" data-element_type=\"container\" data-settings=\"{&quot;background_background&quot;:&quot;classic&quot;}\">\n\t\t\t\t<div class=\"elementor-element elementor-element-eb4000d elementor-widget elementor-widget-heading\" data-id=\"eb4000d\" data-element_type=\"widget\" data-widget_type=\"heading.default\">\n\t\t\t\t<div class=\"elementor-widget-container\">\n\t\t\t<h2 class=\"elementor-heading-title elementor-size-default\">Finalizar Or\u00e7amento<\/h2>\t\t<\/div>\n\t\t\t\t<\/div>\n\t\t\t\t<div class=\"elementor-element elementor-element-0b04bed elementor-widget elementor-widget-jet-engine-booking-form\" data-id=\"0b04bed\" data-element_type=\"widget\" data-widget_type=\"jet-engine-booking-form.default\">\n\t\t\t\t<div class=\"elementor-widget-container\">\n\t\t\t<form  class=\"jet-form layout-column submit-type-ajax\" action=\"\/catalogo\/wp-json\/wp\/v2\/pages\/15?jet_engine_action=book&#038;nocache=1777559945\" method=\"POST\" data-form-id=\"176\"><input class=\"jet-form__field hidden-field\" type=\"hidden\" name=\"_jet_engine_booking_form_id\" value=\"176\" data-field-name=\"_jet_engine_booking_form_id\"><input class=\"jet-form__field hidden-field\" type=\"hidden\" name=\"_jet_engine_refer\" value=\"https:\/\/ofctelecom.com.br\/catalogo\/wp-json\/wp\/v2\/pages\/15\" data-field-name=\"_jet_engine_refer\"><div  class=\"jet-form-row jet-form-row--first-visible\"><div class=\"jet-form-col jet-form-col-12  field-type-text  jet-form-field-container\" data-field=\"sn_nome\" data-conditional=\"false\"><div class=\"jet-form__label\">\n\t<span class=\"jet-form__label-text\" >Nome<span class=\"jet-form__required\">*<\/span><\/span>\n\t<\/div><input class=\"jet-form__field text-field \" value=\"\" required=\"required\" name=\"sn_nome\" id=\"sn_nome\" type=\"text\" data-field-name=\"sn_nome\"><\/div><\/div><div  class=\"jet-form-row\"><div class=\"jet-form-col jet-form-col-12  field-type-text  jet-form-field-container\" data-field=\"sn_email\" data-conditional=\"false\"><div class=\"jet-form__label\">\n\t<span class=\"jet-form__label-text\" >Email<span class=\"jet-form__required\">*<\/span><\/span>\n\t<\/div><input class=\"jet-form__field text-field \" value=\"\" required=\"required\" name=\"sn_email\" id=\"sn_email\" type=\"text\" data-field-name=\"sn_email\"><\/div><\/div><div  class=\"jet-form-row\"><div class=\"jet-form-col jet-form-col-12  field-type-text  jet-form-field-container\" data-field=\"sn_whatsapp\" data-conditional=\"false\"><div class=\"jet-form__label\">\n\t<span class=\"jet-form__label-text\" >Whatsapp<span class=\"jet-form__required\">*<\/span><\/span>\n\t<\/div><input class=\"jet-form__field text-field jet-form__masked-field\" value=\"\" required=\"required\" name=\"sn_whatsapp\" id=\"sn_whatsapp\" type=\"text\" data-field-name=\"sn_whatsapp\" data-inputmask=\"'mask': '(99) 9 9999-9999'\" data-inputmask-clearmaskonlostfocus=\"false\"><\/div><\/div><div  class=\"jet-form-row\"><div class=\"jet-form-col jet-form-col-12  field-type-textarea  jet-form-field-container\" data-field=\"sn_carrinho\" data-conditional=\"false\"><textarea class=\"jet-form__field textarea-field\" name=\"sn_carrinho\" data-field-name=\"sn_carrinho\" id=\"sn_carrinho\"><\/textarea><\/div><\/div><div  class=\"jet-form-row\"><div class=\"jet-form-col jet-form-col-12  field-type-text  jet-form-field-container\" data-field=\"text\" data-conditional=\"false\"><input class=\"jet-form__field text-field \" value=\"\" name=\"text\" id=\"text\" type=\"text\" data-field-name=\"text\"><\/div><\/div><div  class=\"jet-form-row jet-form-row--submit\"><div class=\"jet-form-col jet-form-col-12  field-type-submit  jet-form-field-container\" data-field=\"Submit\" data-conditional=\"false\"><div class=\"jet-form__submit-wrap\">\n\t\t<button class=\"jet-form__submit submit-type-ajax\" type=\"button\">Fazer Or\u00e7amento<\/button>\n<\/div><\/div><\/div><input class=\"jet-form__field hidden-field\" type=\"hidden\" name=\"_jet_engine_nonce\" value=\"7dcc614d15\" data-field-name=\"_jet_engine_nonce\"><\/form><div class=\"jet-form-messages-wrap\" data-form-id=\"176\"><\/div>\t\t<\/div>\n\t\t\t\t<\/div>\n\t\t\t\t<div class=\"elementor-element elementor-element-539404b elementor-widget elementor-widget-html\" data-id=\"539404b\" data-element_type=\"widget\" data-widget_type=\"html.default\">\n\t\t\t\t<div class=\"elementor-widget-container\">\n\t\t\t<div id=\"counter\"><\/div>\r\n<script>\r\njQuery(document).ready(function() {\r\n    \/\/ Escondemos o input do carrinho\r\n    jQuery('#sn_carrinho').hide();    \r\n    \r\n    jQuery(\"input[name='text']\").hide(); \r\n\r\n    \/\/ Fun\u00e7\u00e3o para valida\u00e7\u00e3o da quantidade\r\n    function validarQuantidade(qtd) {\r\n        if (qtd === '' || qtd === 0 || typeof qtd === 'undefined') {\r\n            alert('Por favor, insira uma quantidade v\u00e1lida.');\r\n            return false;\r\n        }\r\n        return true;\r\n    }\r\n\r\n    \/\/ Evento de click no submit\r\n    jQuery('.submit-type-ajax').click(function() {\r\n        \/\/ Vari\u00e1veis dos campos do form\r\n        var produtos = [];\r\n        var sku_class = '.sn_sku';\r\n        var titulo_class = '.sn_titulo';    \r\n        var quantidade_class = '.sn_qtd';\r\n        var imagem_class = '.sn_imagem';    \r\n        var valor_class = '.sn_valor';    \r\n        var carrinho_id = '#sn_carrinho';\r\n        \r\n        \/\/ Limpeza do carrinho\r\n        jQuery(carrinho_id).html('');\r\n        \r\n        \/\/ Usamos o each para trazer todos os dados\r\n        var listing = jQuery('.jet-listing-grid__items .jet-listing-grid__item');\r\n        listing.each(function(i) {\r\n            \/\/ Listamos dados do listing para montar a msg    \r\n            var id_post = jQuery(this).data('post-id');\r\n            var sku = jQuery('.jet-listing-dynamic-post-' + id_post + ' ' + sku_class).text();\r\n            var titulo = jQuery('.jet-listing-dynamic-post-' + id_post + ' ' + titulo_class).text();\r\n            var valor = jQuery('.jet-listing-dynamic-post-' + id_post + ' ' + valor_class).text();\r\n            var qtd = jQuery('.jet-listing-dynamic-post-' + id_post + ' ' + quantidade_class).val();\r\n            var imagem = jQuery('.jet-listing-dynamic-post-' + id_post + ' ' + imagem_class + ' img').prop('src');\r\n            var permalink = jQuery('.jet-listing-dynamic-post-' + id_post + ' ' + imagem_class + ' a').prop('href');\r\n            \r\n            \/\/ Valida\u00e7\u00e3o da quantidade\r\n            if (!validarQuantidade(qtd)) {\r\n                return false;\r\n            }\r\n\r\n            \/\/ Criamos o template a ser enviado por email\r\n            produtos.push(`<div style=\"width:300px;\">\r\n                            <div style=\"margin:10px;border-radius:30px;text-align:center;padding:20px 0 0 0;border: 3px solid #F51344;\">\r\n                                <div>\r\n                                    <img decoding=\"async\" src=\"${imagem}\" style=\"width:150px;\"\/>\r\n                                <\/div>\r\n                                <div>\r\n                                    <a href=\"${permalink}\" style=\"text-decoration:none;color:#fff;background-color:#F51344;padding:10px 30px;border-radius:10px;display:inline-block;margin:10px 0;\">Link do Produto<\/a>\r\n                                <\/div>\r\n                                <div>\r\n                                <\/div>\r\n                                <div>\r\n                                    <p><strong>Produto:<\/strong>${titulo}<\/p>\r\n                                <\/div>\r\n                                <div>\r\n                                    <p><strong>Quantidade:<\/strong>${qtd}<\/p>\r\n                                <\/div>\r\n                                <div>\r\n                                <\/div>\r\n                            <\/div>\r\n                        <\/div>`);\r\n\r\n        });\r\n\r\n        \/\/ Montar a mensagem para o WhatsApp\r\n        var mensagem = `Ol\u00e1, gostaria de solicitar um or\u00e7amento para os seguintes produtos:\\n\\n${produtos.map(produto => produto.replace(\/<\\\/?[^>]+(>|$)\/g, \"\")).join('\\n\\n')}`;\r\n\r\n        \/\/ Preencher o campo 'text' com a mensagem formatada\r\n        jQuery(\"input[name='text']\").val(mensagem);\r\n    });\r\n});\r\n<\/script>\r\n\t\t<\/div>\n\t\t\t\t<\/div>\n\t\t\t\t<\/div>\n\t\t\t\t\t<\/div>\n\t\t\t\t<\/div>\n\t\t\t\t<\/div>\n\t\t","protected":false},"excerpt":{"rendered":"<p>Carrinho Sem produtos no carrinho Finalizar Or\u00e7amento Nome* Email* Whatsapp* Fazer Or\u00e7amento<\/p>\n","protected":false},"author":2,"featured_media":0,"parent":0,"menu_order":0,"comment_status":"closed","ping_status":"closed","template":"elementor_header_footer","meta":{"footnotes":""},"class_list":["post-15","page","type-page","status-publish","hentry"],"_links":{"self":[{"href":"https:\/\/ofctelecom.com.br\/catalogo\/wp-json\/wp\/v2\/pages\/15","targetHints":{"allow":["GET"]}}],"collection":[{"href":"https:\/\/ofctelecom.com.br\/catalogo\/wp-json\/wp\/v2\/pages"}],"about":[{"href":"https:\/\/ofctelecom.com.br\/catalogo\/wp-json\/wp\/v2\/types\/page"}],"author":[{"embeddable":true,"href":"https:\/\/ofctelecom.com.br\/catalogo\/wp-json\/wp\/v2\/users\/2"}],"replies":[{"embeddable":true,"href":"https:\/\/ofctelecom.com.br\/catalogo\/wp-json\/wp\/v2\/comments?post=15"}],"version-history":[{"count":115,"href":"https:\/\/ofctelecom.com.br\/catalogo\/wp-json\/wp\/v2\/pages\/15\/revisions"}],"predecessor-version":[{"id":415,"href":"https:\/\/ofctelecom.com.br\/catalogo\/wp-json\/wp\/v2\/pages\/15\/revisions\/415"}],"wp:attachment":[{"href":"https:\/\/ofctelecom.com.br\/catalogo\/wp-json\/wp\/v2\/media?parent=15"}],"curies":[{"name":"wp","href":"https:\/\/api.w.org\/{rel}","templated":true}]}}